{"id":33339,"date":"2026-03-22T10:00:09","date_gmt":"2026-03-22T09:00:09","guid":{"rendered":"https:\/\/ledressingdeblondie.fr\/?post_type=product&#038;p=33339"},"modified":"2026-05-07T17:29:16","modified_gmt":"2026-05-07T15:29:16","slug":"robe-plissee-a-manche-courte-bleu-nuit","status":"publish","type":"product","link":"https:\/\/ledressingdeblondie.fr\/index.php\/produit\/robe-plissee-a-manche-courte-bleu-nuit\/","title":{"rendered":"Robe pliss\u00e9e \u00e0 manche courte bleu nuit"},"content":{"rendered":"<p>&nbsp;<\/p>\n<p>&nbsp;<\/p>\n<p>&nbsp;<\/p>\n","protected":false},"excerpt":{"rendered":"<p>\u2661 Robe \u00e0 manche courte bleu nuit. Elle est pliss\u00e9e sur le haut et fluide pour le bas. Une doublure est incluse au niveau du bas pour \u00e9viter la transparence.<\/p>\n<p>\u2661 Composition : 95% polyester, 5% \u00e9lasthanne<\/p>\n<p><b>Taille Unique\u00a0<\/b><b><\/b><\/p>\n<p>&nbsp;<\/p>\n<p>&nbsp;<\/p>\n","protected":false},"featured_media":33577,"comment_status":"closed","ping_status":"closed","template":"","meta":{"site-sidebar-layout":"default","site-content-layout":"default","ast-site-content-layout":"default","site-content-style":"default","site-sidebar-style":"default","ast-global-header-display":"","ast-banner-title-visibility":"","ast-main-header-display":"","ast-hfb-above-header-display":"","ast-hfb-below-header-display":"","ast-hfb-mobile-header-display":"","site-post-title":"","ast-breadcrumbs-content":"","ast-featured-img":"","footer-sml-layout":"","ast-disable-related-posts":"","theme-transparent-header-meta":"default","adv-header-id-meta":"","stick-header-meta":"","header-above-stick-meta":"","header-main-stick-meta":"","header-below-stick-meta":"","astra-migrate-meta-layouts":"set","ast-page-background-enabled":"default","ast-page-background-meta":{"desktop":{"background-color":"","background-image":"","background-repeat":"repeat","background-position":"center center","background-size":"auto","background-attachment":"scroll","background-type":"","background-media":"","overlay-type":"","overlay-color":"","overlay-opacity":"","overlay-gradient":""},"tablet":{"background-color":"","background-image":"","background-repeat":"repeat","background-position":"center center","background-size":"auto","background-attachment":"scroll","background-type":"","background-media":"","overlay-type":"","overlay-color":"","overlay-opacity":"","overlay-gradient":""},"mobile":{"background-color":"","background-image":"","background-repeat":"repeat","background-position":"center center","background-size":"auto","background-attachment":"scroll","background-type":"","background-media":"","overlay-type":"","overlay-color":"","overlay-opacity":"","overlay-gradient":""}},"ast-content-background-meta":{"desktop":{"background-color":"var(--ast-global-color-5)","background-image":"","background-repeat":"repeat","background-position":"center center","background-size":"auto","background-attachment":"scroll","background-type":"","background-media":"","overlay-type":"","overlay-color":"","overlay-opacity":"","overlay-gradient":""},"tablet":{"background-color":"var(--ast-global-color-5)","background-image":"","background-repeat":"repeat","background-position":"center center","background-size":"auto","background-attachment":"scroll","background-type":"","background-media":"","overlay-type":"","overlay-color":"","overlay-opacity":"","overlay-gradient":""},"mobile":{"background-color":"var(--ast-global-color-5)","background-image":"","background-repeat":"repeat","background-position":"center center","background-size":"auto","background-attachment":"scroll","background-type":"","background-media":"","overlay-type":"","overlay-color":"","overlay-opacity":"","overlay-gradient":""}}},"product_brand":[],"product_cat":[309,143,15,16],"product_tag":[],"class_list":{"0":"post-33339","1":"product","2":"type-product","3":"status-publish","4":"has-post-thumbnail","6":"product_cat-collection-ceremonie","7":"product_cat-nouveautes","8":"product_cat-vetements","9":"product_cat-robe","10":"desktop-align-left","11":"tablet-align-left","12":"mobile-align-left","14":"first","15":"instock","16":"taxable","17":"shipping-taxable","18":"purchasable","19":"product-type-simple"},"yoast_head":"<!-- This site is optimized with the Yoast SEO plugin v27.6 - https:\/\/yoast.com\/product\/yoast-seo-wordpress\/ -->\n<title>Robe pliss\u00e9e \u00e0 manche courte bleu nuit - Le Dressing de Blondie<\/title>\n<meta name=\"robots\" content=\"index, follow, max-snippet:-1, max-image-preview:large, max-video-preview:-1\" \/>\n<link rel=\"canonical\" href=\"https:\/\/ledressingdeblondie.fr\/index.php\/produit\/robe-plissee-a-manche-courte-bleu-nuit\/\" \/>\n<meta property=\"og:locale\" content=\"fr_FR\" \/>\n<meta property=\"og:type\" content=\"article\" \/>\n<meta property=\"og:title\" content=\"Robe pliss\u00e9e \u00e0 manche courte bleu nuit - Le Dressing de Blondie\" \/>\n<meta property=\"og:description\" content=\"\u2661 Robe \u00e0 manche courte bleu nuit. Elle est pliss\u00e9e sur le haut et fluide pour le bas. Une doublure est incluse au niveau du bas pour \u00e9viter la transparence.  \u2661 Composition : 95% polyester, 5% \u00e9lasthanne  Taille Unique\u00a0  &nbsp;  &nbsp;\" \/>\n<meta property=\"og:url\" content=\"https:\/\/ledressingdeblondie.fr\/index.php\/produit\/robe-plissee-a-manche-courte-bleu-nuit\/\" \/>\n<meta property=\"og:site_name\" content=\"Le Dressing de Blondie\" \/>\n<meta property=\"article:modified_time\" content=\"2026-05-07T15:29:16+00:00\" \/>\n<meta property=\"og:image\" content=\"https:\/\/ledressingdeblondie.fr\/wp-content\/uploads\/2026\/03\/g31a4496-scaled.jpg\" \/>\n\t<meta property=\"og:image:width\" content=\"1707\" \/>\n\t<meta property=\"og:image:height\" content=\"2560\" \/>\n\t<meta property=\"og:image:type\" content=\"image\/jpeg\" \/>\n<meta name=\"twitter:card\" content=\"summary_large_image\" \/>\n<meta name=\"twitter:label1\" content=\"Dur\u00e9e de lecture estim\u00e9e\" \/>\n\t<meta name=\"twitter:data1\" content=\"1 minute\" \/>\n<script type=\"application\/ld+json\" class=\"yoast-schema-graph\">{\"@context\":\"https:\\\/\\\/schema.org\",\"@graph\":[{\"@type\":\"WebPage\",\"@id\":\"https:\\\/\\\/ledressingdeblondie.fr\\\/index.php\\\/produit\\\/robe-plissee-a-manche-courte-bleu-nuit\\\/\",\"url\":\"https:\\\/\\\/ledressingdeblondie.fr\\\/index.php\\\/produit\\\/robe-plissee-a-manche-courte-bleu-nuit\\\/\",\"name\":\"Robe pliss\u00e9e \u00e0 manche courte bleu nuit - Le Dressing de Blondie\",\"isPartOf\":{\"@id\":\"https:\\\/\\\/ledressingdeblondie.fr\\\/#website\"},\"primaryImageOfPage\":{\"@id\":\"https:\\\/\\\/ledressingdeblondie.fr\\\/index.php\\\/produit\\\/robe-plissee-a-manche-courte-bleu-nuit\\\/#primaryimage\"},\"image\":{\"@id\":\"https:\\\/\\\/ledressingdeblondie.fr\\\/index.php\\\/produit\\\/robe-plissee-a-manche-courte-bleu-nuit\\\/#primaryimage\"},\"thumbnailUrl\":\"https:\\\/\\\/ledressingdeblondie.fr\\\/wp-content\\\/uploads\\\/2026\\\/03\\\/g31a4496-scaled.jpg\",\"datePublished\":\"2026-03-22T09:00:09+00:00\",\"dateModified\":\"2026-05-07T15:29:16+00:00\",\"breadcrumb\":{\"@id\":\"https:\\\/\\\/ledressingdeblondie.fr\\\/index.php\\\/produit\\\/robe-plissee-a-manche-courte-bleu-nuit\\\/#breadcrumb\"},\"inLanguage\":\"fr-FR\",\"potentialAction\":[{\"@type\":\"ReadAction\",\"target\":[\"https:\\\/\\\/ledressingdeblondie.fr\\\/index.php\\\/produit\\\/robe-plissee-a-manche-courte-bleu-nuit\\\/\"]}]},{\"@type\":\"ImageObject\",\"inLanguage\":\"fr-FR\",\"@id\":\"https:\\\/\\\/ledressingdeblondie.fr\\\/index.php\\\/produit\\\/robe-plissee-a-manche-courte-bleu-nuit\\\/#primaryimage\",\"url\":\"https:\\\/\\\/ledressingdeblondie.fr\\\/wp-content\\\/uploads\\\/2026\\\/03\\\/g31a4496-scaled.jpg\",\"contentUrl\":\"https:\\\/\\\/ledressingdeblondie.fr\\\/wp-content\\\/uploads\\\/2026\\\/03\\\/g31a4496-scaled.jpg\",\"width\":1707,\"height\":2560},{\"@type\":\"BreadcrumbList\",\"@id\":\"https:\\\/\\\/ledressingdeblondie.fr\\\/index.php\\\/produit\\\/robe-plissee-a-manche-courte-bleu-nuit\\\/#breadcrumb\",\"itemListElement\":[{\"@type\":\"ListItem\",\"position\":1,\"name\":\"Accueil\",\"item\":\"https:\\\/\\\/ledressingdeblondie.fr\\\/\"},{\"@type\":\"ListItem\",\"position\":2,\"name\":\"Boutique\",\"item\":\"https:\\\/\\\/ledressingdeblondie.fr\\\/index.php\\\/boutique\\\/\"},{\"@type\":\"ListItem\",\"position\":3,\"name\":\"Robe pliss\u00e9e \u00e0 manche courte bleu nuit\"}]},{\"@type\":\"WebSite\",\"@id\":\"https:\\\/\\\/ledressingdeblondie.fr\\\/#website\",\"url\":\"https:\\\/\\\/ledressingdeblondie.fr\\\/\",\"name\":\"Le Dressing de Blondie\",\"description\":\"\",\"publisher\":{\"@id\":\"https:\\\/\\\/ledressingdeblondie.fr\\\/#organization\"},\"potentialAction\":[{\"@type\":\"SearchAction\",\"target\":{\"@type\":\"EntryPoint\",\"urlTemplate\":\"https:\\\/\\\/ledressingdeblondie.fr\\\/?s={search_term_string}\"},\"query-input\":{\"@type\":\"PropertyValueSpecification\",\"valueRequired\":true,\"valueName\":\"search_term_string\"}}],\"inLanguage\":\"fr-FR\"},{\"@type\":\"Organization\",\"@id\":\"https:\\\/\\\/ledressingdeblondie.fr\\\/#organization\",\"name\":\"Le Dressing de Blondie\",\"url\":\"https:\\\/\\\/ledressingdeblondie.fr\\\/\",\"logo\":{\"@type\":\"ImageObject\",\"inLanguage\":\"fr-FR\",\"@id\":\"https:\\\/\\\/ledressingdeblondie.fr\\\/#\\\/schema\\\/logo\\\/image\\\/\",\"url\":\"https:\\\/\\\/ledressingdeblondie.fr\\\/wp-content\\\/uploads\\\/2022\\\/11\\\/LEDRESSINGDEBLONDIE_NOIR-3.png\",\"contentUrl\":\"https:\\\/\\\/ledressingdeblondie.fr\\\/wp-content\\\/uploads\\\/2022\\\/11\\\/LEDRESSINGDEBLONDIE_NOIR-3.png\",\"width\":1642,\"height\":1110,\"caption\":\"Le Dressing de Blondie\"},\"image\":{\"@id\":\"https:\\\/\\\/ledressingdeblondie.fr\\\/#\\\/schema\\\/logo\\\/image\\\/\"}}]}<\/script>\n<!-- \/ Yoast SEO plugin. -->","yoast_head_json":{"title":"Robe pliss\u00e9e \u00e0 manche courte bleu nuit - Le Dressing de Blondie","robots":{"index":"index","follow":"follow","max-snippet":"max-snippet:-1","max-image-preview":"max-image-preview:large","max-video-preview":"max-video-preview:-1"},"canonical":"https:\/\/ledressingdeblondie.fr\/index.php\/produit\/robe-plissee-a-manche-courte-bleu-nuit\/","og_locale":"fr_FR","og_type":"article","og_title":"Robe pliss\u00e9e \u00e0 manche courte bleu nuit - Le Dressing de Blondie","og_description":"\u2661 Robe \u00e0 manche courte bleu nuit. Elle est pliss\u00e9e sur le haut et fluide pour le bas. Une doublure est incluse au niveau du bas pour \u00e9viter la transparence.  \u2661 Composition : 95% polyester, 5% \u00e9lasthanne  Taille Unique\u00a0  &nbsp;  &nbsp;","og_url":"https:\/\/ledressingdeblondie.fr\/index.php\/produit\/robe-plissee-a-manche-courte-bleu-nuit\/","og_site_name":"Le Dressing de Blondie","article_modified_time":"2026-05-07T15:29:16+00:00","og_image":[{"width":1707,"height":2560,"url":"https:\/\/ledressingdeblondie.fr\/wp-content\/uploads\/2026\/03\/g31a4496-scaled.jpg","type":"image\/jpeg"}],"twitter_card":"summary_large_image","twitter_misc":{"Dur\u00e9e de lecture estim\u00e9e":"1 minute"},"schema":{"@context":"https:\/\/schema.org","@graph":[{"@type":"WebPage","@id":"https:\/\/ledressingdeblondie.fr\/index.php\/produit\/robe-plissee-a-manche-courte-bleu-nuit\/","url":"https:\/\/ledressingdeblondie.fr\/index.php\/produit\/robe-plissee-a-manche-courte-bleu-nuit\/","name":"Robe pliss\u00e9e \u00e0 manche courte bleu nuit - Le Dressing de Blondie","isPartOf":{"@id":"https:\/\/ledressingdeblondie.fr\/#website"},"primaryImageOfPage":{"@id":"https:\/\/ledressingdeblondie.fr\/index.php\/produit\/robe-plissee-a-manche-courte-bleu-nuit\/#primaryimage"},"image":{"@id":"https:\/\/ledressingdeblondie.fr\/index.php\/produit\/robe-plissee-a-manche-courte-bleu-nuit\/#primaryimage"},"thumbnailUrl":"https:\/\/ledressingdeblondie.fr\/wp-content\/uploads\/2026\/03\/g31a4496-scaled.jpg","datePublished":"2026-03-22T09:00:09+00:00","dateModified":"2026-05-07T15:29:16+00:00","breadcrumb":{"@id":"https:\/\/ledressingdeblondie.fr\/index.php\/produit\/robe-plissee-a-manche-courte-bleu-nuit\/#breadcrumb"},"inLanguage":"fr-FR","potentialAction":[{"@type":"ReadAction","target":["https:\/\/ledressingdeblondie.fr\/index.php\/produit\/robe-plissee-a-manche-courte-bleu-nuit\/"]}]},{"@type":"ImageObject","inLanguage":"fr-FR","@id":"https:\/\/ledressingdeblondie.fr\/index.php\/produit\/robe-plissee-a-manche-courte-bleu-nuit\/#primaryimage","url":"https:\/\/ledressingdeblondie.fr\/wp-content\/uploads\/2026\/03\/g31a4496-scaled.jpg","contentUrl":"https:\/\/ledressingdeblondie.fr\/wp-content\/uploads\/2026\/03\/g31a4496-scaled.jpg","width":1707,"height":2560},{"@type":"BreadcrumbList","@id":"https:\/\/ledressingdeblondie.fr\/index.php\/produit\/robe-plissee-a-manche-courte-bleu-nuit\/#breadcrumb","itemListElement":[{"@type":"ListItem","position":1,"name":"Accueil","item":"https:\/\/ledressingdeblondie.fr\/"},{"@type":"ListItem","position":2,"name":"Boutique","item":"https:\/\/ledressingdeblondie.fr\/index.php\/boutique\/"},{"@type":"ListItem","position":3,"name":"Robe pliss\u00e9e \u00e0 manche courte bleu nuit"}]},{"@type":"WebSite","@id":"https:\/\/ledressingdeblondie.fr\/#website","url":"https:\/\/ledressingdeblondie.fr\/","name":"Le Dressing de Blondie","description":"","publisher":{"@id":"https:\/\/ledressingdeblondie.fr\/#organization"},"potentialAction":[{"@type":"SearchAction","target":{"@type":"EntryPoint","urlTemplate":"https:\/\/ledressingdeblondie.fr\/?s={search_term_string}"},"query-input":{"@type":"PropertyValueSpecification","valueRequired":true,"valueName":"search_term_string"}}],"inLanguage":"fr-FR"},{"@type":"Organization","@id":"https:\/\/ledressingdeblondie.fr\/#organization","name":"Le Dressing de Blondie","url":"https:\/\/ledressingdeblondie.fr\/","logo":{"@type":"ImageObject","inLanguage":"fr-FR","@id":"https:\/\/ledressingdeblondie.fr\/#\/schema\/logo\/image\/","url":"https:\/\/ledressingdeblondie.fr\/wp-content\/uploads\/2022\/11\/LEDRESSINGDEBLONDIE_NOIR-3.png","contentUrl":"https:\/\/ledressingdeblondie.fr\/wp-content\/uploads\/2022\/11\/LEDRESSINGDEBLONDIE_NOIR-3.png","width":1642,"height":1110,"caption":"Le Dressing de Blondie"},"image":{"@id":"https:\/\/ledressingdeblondie.fr\/#\/schema\/logo\/image\/"}}]}},"_links":{"self":[{"href":"https:\/\/ledressingdeblondie.fr\/index.php\/wp-json\/wp\/v2\/product\/33339","targetHints":{"allow":["GET"]}}],"collection":[{"href":"https:\/\/ledressingdeblondie.fr\/index.php\/wp-json\/wp\/v2\/product"}],"about":[{"href":"https:\/\/ledressingdeblondie.fr\/index.php\/wp-json\/wp\/v2\/types\/product"}],"replies":[{"embeddable":true,"href":"https:\/\/ledressingdeblondie.fr\/index.php\/wp-json\/wp\/v2\/comments?post=33339"}],"version-history":[{"count":1,"href":"https:\/\/ledressingdeblondie.fr\/index.php\/wp-json\/wp\/v2\/product\/33339\/revisions"}],"predecessor-version":[{"id":33340,"href":"https:\/\/ledressingdeblondie.fr\/index.php\/wp-json\/wp\/v2\/product\/33339\/revisions\/33340"}],"wp:featuredmedia":[{"embeddable":true,"href":"https:\/\/ledressingdeblondie.fr\/index.php\/wp-json\/wp\/v2\/media\/33577"}],"wp:attachment":[{"href":"https:\/\/ledressingdeblondie.fr\/index.php\/wp-json\/wp\/v2\/media?parent=33339"}],"wp:term":[{"taxonomy":"product_brand","embeddable":true,"href":"https:\/\/ledressingdeblondie.fr\/index.php\/wp-json\/wp\/v2\/product_brand?post=33339"},{"taxonomy":"product_cat","embeddable":true,"href":"https:\/\/ledressingdeblondie.fr\/index.php\/wp-json\/wp\/v2\/product_cat?post=33339"},{"taxonomy":"product_tag","embeddable":true,"href":"https:\/\/ledressingdeblondie.fr\/index.php\/wp-json\/wp\/v2\/product_tag?post=33339"}],"curies":[{"name":"wp","href":"https:\/\/api.w.org\/{rel}","templated":true}]}}