{"id":1983,"date":"2020-12-13T18:09:09","date_gmt":"2020-12-13T17:09:09","guid":{"rendered":"http:\/\/ledressingdeblondie.fr\/?post_type=product&#038;p=1983"},"modified":"2026-04-27T17:18:52","modified_gmt":"2026-04-27T15:18:52","slug":"carte-cadeau-4","status":"publish","type":"product","link":"https:\/\/ledressingdeblondie.fr\/index.php\/produit\/carte-cadeau-4\/","title":{"rendered":"Carte Cadeau"},"content":{"rendered":"","protected":false},"excerpt":{"rendered":"<p>Lors de votre achat, un mail avec un code vous sera envoy\u00e9 par mail sous 48 heures vous permettant d&#8217;utiliser le ch\u00e8que cadeau.<\/p>\n<p>En parall\u00e8le, une carte vous sera envoy\u00e9 par voie postale si vous le souhaitez (en payant la livraison par la poste ou mondial relai).<\/p>\n<p>Vous pouvez \u00e9galement s\u00e9lectionner la livraison gratuite au Pop Up Angevin sur le site si vous souhaitez uniquement une carte \u00e9lectronique et non papier (nous le pr\u00e9ciser dans la partie \u00ab note \u00bb lors du passage de la commande)<\/p>\n<p>Dur\u00e9e de validit\u00e9 : 1 an<\/p>\n","protected":false},"featured_media":14177,"comment_status":"closed","ping_status":"closed","template":"","meta":{"site-sidebar-layout":"default","site-content-layout":"default","ast-site-content-layout":"default","site-content-style":"default","site-sidebar-style":"default","ast-global-header-display":"","ast-banner-title-visibility":"","ast-main-header-display":"","ast-hfb-above-header-display":"","ast-hfb-below-header-display":"","ast-hfb-mobile-header-display":"","site-post-title":"","ast-breadcrumbs-content":"","ast-featured-img":"","footer-sml-layout":"","ast-disable-related-posts":"","theme-transparent-header-meta":"default","adv-header-id-meta":"","stick-header-meta":"","header-above-stick-meta":"","header-main-stick-meta":"","header-below-stick-meta":"","astra-migrate-meta-layouts":"set","ast-page-background-enabled":"default","ast-page-background-meta":{"desktop":{"background-color":"","background-image":"","background-repeat":"repeat","background-position":"center center","background-size":"auto","background-attachment":"scroll","background-type":"","background-media":"","overlay-type":"","overlay-color":"","overlay-opacity":"","overlay-gradient":""},"tablet":{"background-color":"","background-image":"","background-repeat":"repeat","background-position":"center center","background-size":"auto","background-attachment":"scroll","background-type":"","background-media":"","overlay-type":"","overlay-color":"","overlay-opacity":"","overlay-gradient":""},"mobile":{"background-color":"","background-image":"","background-repeat":"repeat","background-position":"center center","background-size":"auto","background-attachment":"scroll","background-type":"","background-media":"","overlay-type":"","overlay-color":"","overlay-opacity":"","overlay-gradient":""}},"ast-content-background-meta":{"desktop":{"background-color":"var(--ast-global-color-5)","background-image":"","background-repeat":"repeat","background-position":"center center","background-size":"auto","background-attachment":"scroll","background-type":"","background-media":"","overlay-type":"","overlay-color":"","overlay-opacity":"","overlay-gradient":""},"tablet":{"background-color":"var(--ast-global-color-5)","background-image":"","background-repeat":"repeat","background-position":"center center","background-size":"auto","background-attachment":"scroll","background-type":"","background-media":"","overlay-type":"","overlay-color":"","overlay-opacity":"","overlay-gradient":""},"mobile":{"background-color":"var(--ast-global-color-5)","background-image":"","background-repeat":"repeat","background-position":"center center","background-size":"auto","background-attachment":"scroll","background-type":"","background-media":"","overlay-type":"","overlay-color":"","overlay-opacity":"","overlay-gradient":""}}},"product_brand":[],"product_cat":[96,143],"product_tag":[],"class_list":{"0":"post-1983","1":"product","2":"type-product","3":"status-publish","4":"has-post-thumbnail","6":"product_cat-carte-cadeau","7":"product_cat-nouveautes","8":"desktop-align-left","9":"tablet-align-left","10":"mobile-align-left","12":"first","13":"instock","14":"taxable","15":"shipping-taxable","16":"purchasable","17":"product-type-variable"},"yoast_head":"<!-- This site is optimized with the Yoast SEO plugin v27.4 - https:\/\/yoast.com\/product\/yoast-seo-wordpress\/ -->\n<title>Carte Cadeau - Le Dressing de Blondie<\/title>\n<meta name=\"description\" content=\"Venez d\u00e9couvrir la collection bijoux du Dressing de Blondie \u00e0 Angers collection 2020\" \/>\n<meta name=\"robots\" content=\"index, follow, max-snippet:-1, max-image-preview:large, max-video-preview:-1\" \/>\n<link rel=\"canonical\" href=\"https:\/\/ledressingdeblondie.fr\/index.php\/produit\/carte-cadeau-4\/\" \/>\n<meta property=\"og:locale\" content=\"fr_FR\" \/>\n<meta property=\"og:type\" content=\"article\" \/>\n<meta property=\"og:title\" content=\"Carte Cadeau - Le Dressing de Blondie\" \/>\n<meta property=\"og:description\" content=\"Venez d\u00e9couvrir la collection bijoux du Dressing de Blondie \u00e0 Angers collection 2020\" \/>\n<meta property=\"og:url\" content=\"https:\/\/ledressingdeblondie.fr\/index.php\/produit\/carte-cadeau-4\/\" \/>\n<meta property=\"og:site_name\" content=\"Le Dressing de Blondie\" \/>\n<meta property=\"article:modified_time\" content=\"2026-04-27T15:18:52+00:00\" \/>\n<meta property=\"og:image\" content=\"https:\/\/ledressingdeblondie.fr\/wp-content\/uploads\/2022\/12\/658CC14C-8E0A-4908-A1FE-713DB52EE53F.jpeg\" \/>\n\t<meta property=\"og:image:width\" content=\"1440\" \/>\n\t<meta property=\"og:image:height\" content=\"1920\" \/>\n\t<meta property=\"og:image:type\" content=\"image\/jpeg\" \/>\n<meta name=\"twitter:card\" content=\"summary_large_image\" \/>\n<meta name=\"twitter:label1\" content=\"Dur\u00e9e de lecture estim\u00e9e\" \/>\n\t<meta name=\"twitter:data1\" content=\"1 minute\" \/>\n<script type=\"application\/ld+json\" class=\"yoast-schema-graph\">{\"@context\":\"https:\\\/\\\/schema.org\",\"@graph\":[{\"@type\":\"WebPage\",\"@id\":\"https:\\\/\\\/ledressingdeblondie.fr\\\/index.php\\\/produit\\\/carte-cadeau-4\\\/\",\"url\":\"https:\\\/\\\/ledressingdeblondie.fr\\\/index.php\\\/produit\\\/carte-cadeau-4\\\/\",\"name\":\"Carte Cadeau - Le Dressing de Blondie\",\"isPartOf\":{\"@id\":\"https:\\\/\\\/ledressingdeblondie.fr\\\/#website\"},\"primaryImageOfPage\":{\"@id\":\"https:\\\/\\\/ledressingdeblondie.fr\\\/index.php\\\/produit\\\/carte-cadeau-4\\\/#primaryimage\"},\"image\":{\"@id\":\"https:\\\/\\\/ledressingdeblondie.fr\\\/index.php\\\/produit\\\/carte-cadeau-4\\\/#primaryimage\"},\"thumbnailUrl\":\"https:\\\/\\\/ledressingdeblondie.fr\\\/wp-content\\\/uploads\\\/2022\\\/12\\\/658CC14C-8E0A-4908-A1FE-713DB52EE53F.jpeg\",\"datePublished\":\"2020-12-13T17:09:09+00:00\",\"dateModified\":\"2026-04-27T15:18:52+00:00\",\"description\":\"Venez d\u00e9couvrir la collection bijoux du Dressing de Blondie \u00e0 Angers collection 2020\",\"breadcrumb\":{\"@id\":\"https:\\\/\\\/ledressingdeblondie.fr\\\/index.php\\\/produit\\\/carte-cadeau-4\\\/#breadcrumb\"},\"inLanguage\":\"fr-FR\",\"potentialAction\":[{\"@type\":\"ReadAction\",\"target\":[\"https:\\\/\\\/ledressingdeblondie.fr\\\/index.php\\\/produit\\\/carte-cadeau-4\\\/\"]}]},{\"@type\":\"ImageObject\",\"inLanguage\":\"fr-FR\",\"@id\":\"https:\\\/\\\/ledressingdeblondie.fr\\\/index.php\\\/produit\\\/carte-cadeau-4\\\/#primaryimage\",\"url\":\"https:\\\/\\\/ledressingdeblondie.fr\\\/wp-content\\\/uploads\\\/2022\\\/12\\\/658CC14C-8E0A-4908-A1FE-713DB52EE53F.jpeg\",\"contentUrl\":\"https:\\\/\\\/ledressingdeblondie.fr\\\/wp-content\\\/uploads\\\/2022\\\/12\\\/658CC14C-8E0A-4908-A1FE-713DB52EE53F.jpeg\",\"width\":1440,\"height\":1920},{\"@type\":\"BreadcrumbList\",\"@id\":\"https:\\\/\\\/ledressingdeblondie.fr\\\/index.php\\\/produit\\\/carte-cadeau-4\\\/#breadcrumb\",\"itemListElement\":[{\"@type\":\"ListItem\",\"position\":1,\"name\":\"Accueil\",\"item\":\"https:\\\/\\\/ledressingdeblondie.fr\\\/\"},{\"@type\":\"ListItem\",\"position\":2,\"name\":\"Boutique\",\"item\":\"https:\\\/\\\/ledressingdeblondie.fr\\\/index.php\\\/boutique\\\/\"},{\"@type\":\"ListItem\",\"position\":3,\"name\":\"Carte Cadeau\"}]},{\"@type\":\"WebSite\",\"@id\":\"https:\\\/\\\/ledressingdeblondie.fr\\\/#website\",\"url\":\"https:\\\/\\\/ledressingdeblondie.fr\\\/\",\"name\":\"Le Dressing de Blondie\",\"description\":\"\",\"publisher\":{\"@id\":\"https:\\\/\\\/ledressingdeblondie.fr\\\/#organization\"},\"potentialAction\":[{\"@type\":\"SearchAction\",\"target\":{\"@type\":\"EntryPoint\",\"urlTemplate\":\"https:\\\/\\\/ledressingdeblondie.fr\\\/?s={search_term_string}\"},\"query-input\":{\"@type\":\"PropertyValueSpecification\",\"valueRequired\":true,\"valueName\":\"search_term_string\"}}],\"inLanguage\":\"fr-FR\"},{\"@type\":\"Organization\",\"@id\":\"https:\\\/\\\/ledressingdeblondie.fr\\\/#organization\",\"name\":\"Le Dressing de Blondie\",\"url\":\"https:\\\/\\\/ledressingdeblondie.fr\\\/\",\"logo\":{\"@type\":\"ImageObject\",\"inLanguage\":\"fr-FR\",\"@id\":\"https:\\\/\\\/ledressingdeblondie.fr\\\/#\\\/schema\\\/logo\\\/image\\\/\",\"url\":\"https:\\\/\\\/ledressingdeblondie.fr\\\/wp-content\\\/uploads\\\/2022\\\/11\\\/LEDRESSINGDEBLONDIE_NOIR-3.png\",\"contentUrl\":\"https:\\\/\\\/ledressingdeblondie.fr\\\/wp-content\\\/uploads\\\/2022\\\/11\\\/LEDRESSINGDEBLONDIE_NOIR-3.png\",\"width\":1642,\"height\":1110,\"caption\":\"Le Dressing de Blondie\"},\"image\":{\"@id\":\"https:\\\/\\\/ledressingdeblondie.fr\\\/#\\\/schema\\\/logo\\\/image\\\/\"}}]}<\/script>\n<!-- \/ Yoast SEO plugin. -->","yoast_head_json":{"title":"Carte Cadeau - Le Dressing de Blondie","description":"Venez d\u00e9couvrir la collection bijoux du Dressing de Blondie \u00e0 Angers collection 2020","robots":{"index":"index","follow":"follow","max-snippet":"max-snippet:-1","max-image-preview":"max-image-preview:large","max-video-preview":"max-video-preview:-1"},"canonical":"https:\/\/ledressingdeblondie.fr\/index.php\/produit\/carte-cadeau-4\/","og_locale":"fr_FR","og_type":"article","og_title":"Carte Cadeau - Le Dressing de Blondie","og_description":"Venez d\u00e9couvrir la collection bijoux du Dressing de Blondie \u00e0 Angers collection 2020","og_url":"https:\/\/ledressingdeblondie.fr\/index.php\/produit\/carte-cadeau-4\/","og_site_name":"Le Dressing de Blondie","article_modified_time":"2026-04-27T15:18:52+00:00","og_image":[{"width":1440,"height":1920,"url":"https:\/\/ledressingdeblondie.fr\/wp-content\/uploads\/2022\/12\/658CC14C-8E0A-4908-A1FE-713DB52EE53F.jpeg","type":"image\/jpeg"}],"twitter_card":"summary_large_image","twitter_misc":{"Dur\u00e9e de lecture estim\u00e9e":"1 minute"},"schema":{"@context":"https:\/\/schema.org","@graph":[{"@type":"WebPage","@id":"https:\/\/ledressingdeblondie.fr\/index.php\/produit\/carte-cadeau-4\/","url":"https:\/\/ledressingdeblondie.fr\/index.php\/produit\/carte-cadeau-4\/","name":"Carte Cadeau - Le Dressing de Blondie","isPartOf":{"@id":"https:\/\/ledressingdeblondie.fr\/#website"},"primaryImageOfPage":{"@id":"https:\/\/ledressingdeblondie.fr\/index.php\/produit\/carte-cadeau-4\/#primaryimage"},"image":{"@id":"https:\/\/ledressingdeblondie.fr\/index.php\/produit\/carte-cadeau-4\/#primaryimage"},"thumbnailUrl":"https:\/\/ledressingdeblondie.fr\/wp-content\/uploads\/2022\/12\/658CC14C-8E0A-4908-A1FE-713DB52EE53F.jpeg","datePublished":"2020-12-13T17:09:09+00:00","dateModified":"2026-04-27T15:18:52+00:00","description":"Venez d\u00e9couvrir la collection bijoux du Dressing de Blondie \u00e0 Angers collection 2020","breadcrumb":{"@id":"https:\/\/ledressingdeblondie.fr\/index.php\/produit\/carte-cadeau-4\/#breadcrumb"},"inLanguage":"fr-FR","potentialAction":[{"@type":"ReadAction","target":["https:\/\/ledressingdeblondie.fr\/index.php\/produit\/carte-cadeau-4\/"]}]},{"@type":"ImageObject","inLanguage":"fr-FR","@id":"https:\/\/ledressingdeblondie.fr\/index.php\/produit\/carte-cadeau-4\/#primaryimage","url":"https:\/\/ledressingdeblondie.fr\/wp-content\/uploads\/2022\/12\/658CC14C-8E0A-4908-A1FE-713DB52EE53F.jpeg","contentUrl":"https:\/\/ledressingdeblondie.fr\/wp-content\/uploads\/2022\/12\/658CC14C-8E0A-4908-A1FE-713DB52EE53F.jpeg","width":1440,"height":1920},{"@type":"BreadcrumbList","@id":"https:\/\/ledressingdeblondie.fr\/index.php\/produit\/carte-cadeau-4\/#breadcrumb","itemListElement":[{"@type":"ListItem","position":1,"name":"Accueil","item":"https:\/\/ledressingdeblondie.fr\/"},{"@type":"ListItem","position":2,"name":"Boutique","item":"https:\/\/ledressingdeblondie.fr\/index.php\/boutique\/"},{"@type":"ListItem","position":3,"name":"Carte Cadeau"}]},{"@type":"WebSite","@id":"https:\/\/ledressingdeblondie.fr\/#website","url":"https:\/\/ledressingdeblondie.fr\/","name":"Le Dressing de Blondie","description":"","publisher":{"@id":"https:\/\/ledressingdeblondie.fr\/#organization"},"potentialAction":[{"@type":"SearchAction","target":{"@type":"EntryPoint","urlTemplate":"https:\/\/ledressingdeblondie.fr\/?s={search_term_string}"},"query-input":{"@type":"PropertyValueSpecification","valueRequired":true,"valueName":"search_term_string"}}],"inLanguage":"fr-FR"},{"@type":"Organization","@id":"https:\/\/ledressingdeblondie.fr\/#organization","name":"Le Dressing de Blondie","url":"https:\/\/ledressingdeblondie.fr\/","logo":{"@type":"ImageObject","inLanguage":"fr-FR","@id":"https:\/\/ledressingdeblondie.fr\/#\/schema\/logo\/image\/","url":"https:\/\/ledressingdeblondie.fr\/wp-content\/uploads\/2022\/11\/LEDRESSINGDEBLONDIE_NOIR-3.png","contentUrl":"https:\/\/ledressingdeblondie.fr\/wp-content\/uploads\/2022\/11\/LEDRESSINGDEBLONDIE_NOIR-3.png","width":1642,"height":1110,"caption":"Le Dressing de Blondie"},"image":{"@id":"https:\/\/ledressingdeblondie.fr\/#\/schema\/logo\/image\/"}}]}},"_links":{"self":[{"href":"https:\/\/ledressingdeblondie.fr\/index.php\/wp-json\/wp\/v2\/product\/1983","targetHints":{"allow":["GET"]}}],"collection":[{"href":"https:\/\/ledressingdeblondie.fr\/index.php\/wp-json\/wp\/v2\/product"}],"about":[{"href":"https:\/\/ledressingdeblondie.fr\/index.php\/wp-json\/wp\/v2\/types\/product"}],"replies":[{"embeddable":true,"href":"https:\/\/ledressingdeblondie.fr\/index.php\/wp-json\/wp\/v2\/comments?post=1983"}],"version-history":[{"count":0,"href":"https:\/\/ledressingdeblondie.fr\/index.php\/wp-json\/wp\/v2\/product\/1983\/revisions"}],"wp:featuredmedia":[{"embeddable":true,"href":"https:\/\/ledressingdeblondie.fr\/index.php\/wp-json\/wp\/v2\/media\/14177"}],"wp:attachment":[{"href":"https:\/\/ledressingdeblondie.fr\/index.php\/wp-json\/wp\/v2\/media?parent=1983"}],"wp:term":[{"taxonomy":"product_brand","embeddable":true,"href":"https:\/\/ledressingdeblondie.fr\/index.php\/wp-json\/wp\/v2\/product_brand?post=1983"},{"taxonomy":"product_cat","embeddable":true,"href":"https:\/\/ledressingdeblondie.fr\/index.php\/wp-json\/wp\/v2\/product_cat?post=1983"},{"taxonomy":"product_tag","embeddable":true,"href":"https:\/\/ledressingdeblondie.fr\/index.php\/wp-json\/wp\/v2\/product_tag?post=1983"}],"curies":[{"name":"wp","href":"https:\/\/api.w.org\/{rel}","templated":true}]}}