{"id":30,"date":"2020-06-16T11:52:02","date_gmt":"2020-06-16T09:52:02","guid":{"rendered":"http:\/\/ledressingdeblondie.fr\/?page_id=30"},"modified":"2025-03-30T12:12:00","modified_gmt":"2025-03-30T10:12:00","slug":"mentions-legales","status":"publish","type":"page","link":"https:\/\/ledressingdeblondie.fr\/index.php\/mentions-legales\/","title":{"rendered":"Mentions L\u00e9gales"},"content":{"rendered":"\t\t<div data-elementor-type=\"wp-page\" data-elementor-id=\"30\" class=\"elementor elementor-30\" data-elementor-post-type=\"page\">\n\t\t\t\t\t\t<section class=\"elementor-section elementor-top-section elementor-element elementor-element-886cffe elementor-section-boxed elementor-section-height-default elementor-section-height-default\" data-id=\"886cffe\" data-element_type=\"section\" data-e-type=\"section\">\n\t\t\t\t\t\t<div class=\"elementor-container elementor-column-gap-default\">\n\t\t\t\t\t<div class=\"elementor-column elementor-col-100 elementor-top-column elementor-element elementor-element-364490e\" data-id=\"364490e\" data-element_type=\"column\" data-e-type=\"column\">\n\t\t\t<div class=\"elementor-widget-wrap elementor-element-populated\">\n\t\t\t\t\t\t<div class=\"elementor-element elementor-element-b7c140d elementor-widget elementor-widget-spacer\" data-id=\"b7c140d\" data-element_type=\"widget\" data-e-type=\"widget\" data-widget_type=\"spacer.default\">\n\t\t\t\t<div class=\"elementor-widget-container\">\n\t\t\t\t\t\t\t<div class=\"elementor-spacer\">\n\t\t\t<div class=\"elementor-spacer-inner\"><\/div>\n\t\t<\/div>\n\t\t\t\t\t\t<\/div>\n\t\t\t\t<\/div>\n\t\t\t\t<div class=\"elementor-element elementor-element-a78206a elementor-widget elementor-widget-heading\" data-id=\"a78206a\" data-element_type=\"widget\" data-e-type=\"widget\" data-widget_type=\"heading.default\">\n\t\t\t\t<div class=\"elementor-widget-container\">\n\t\t\t\t\t<h1 class=\"elementor-heading-title elementor-size-default\">Mentions L\u00e9gales<\/h1>\t\t\t\t<\/div>\n\t\t\t\t<\/div>\n\t\t\t\t<div class=\"elementor-element elementor-element-09a7136 elementor-widget elementor-widget-text-editor\" data-id=\"09a7136\" data-element_type=\"widget\" data-e-type=\"widget\" data-widget_type=\"text-editor.default\">\n\t\t\t\t<div class=\"elementor-widget-container\">\n\t\t\t\t\t\t\t\t\t<p>Le dressing de Blondie est une EURL au N\u00b0SIRET <strong><span style=\"font-size: small;\">884 345 596 000 24<\/span><\/strong> et au nom de Pauline Georges, domicili\u00e9es au <b>2 rue Camille Pissarro<\/b>, <strong>49000 Angers<\/strong>. Adresse mail :\u00a0<a href=\"mailto:hello.ledressingdeblondie@gmail.com\"><strong>hello.ledressingdeblondie@gmail.com<\/strong><\/a><\/p><p><strong>H\u00e9bergement<\/strong> :<br \/>OVH<br \/>2 rue Kellermann,<br \/>59100 Roubaix<\/p><p><strong>R\u00e9alisation du site <\/strong>: <a href=\"https:\/\/maisoncalendula.fr\/\">Maison Calendula<\/a><\/p><p><strong>Droits de reproduction<\/strong> : Les informations pr\u00e9sent\u00e9es sur ce site sont publiques. La reproduction des pages de ce site est autoris\u00e9e \u00e0 la condition d\u2019y mentionner la source et de cr\u00e9er un lien sur la ou les pages de r\u00e9f\u00e9rence. Elles ne peuvent \u00eatre utilis\u00e9es \u00e0 des fins commerciales ou publicitaires. Lorsque des donn\u00e9es pr\u00e9sentes sur ce site ont un caract\u00e8re nominatif, les utilisateurs doivent en faire un usage conforme aux r\u00e9glementations en vigueur et aux recommandations de la Commission Nationale de l\u2019Informatique et des Libert\u00e9s (CNIL)EURL<\/p>\t\t\t\t\t\t\t\t<\/div>\n\t\t\t\t<\/div>\n\t\t\t\t<div class=\"elementor-element elementor-element-52a553d elementor-widget elementor-widget-spacer\" data-id=\"52a553d\" data-element_type=\"widget\" data-e-type=\"widget\" data-widget_type=\"spacer.default\">\n\t\t\t\t<div class=\"elementor-widget-container\">\n\t\t\t\t\t\t\t<div class=\"elementor-spacer\">\n\t\t\t<div class=\"elementor-spacer-inner\"><\/div>\n\t\t<\/div>\n\t\t\t\t\t\t<\/div>\n\t\t\t\t<\/div>\n\t\t\t\t\t<\/div>\n\t\t<\/div>\n\t\t\t\t\t<\/div>\n\t\t<\/section>\n\t\t\t\t<\/div>\n\t\t","protected":false},"excerpt":{"rendered":"<p>Mentions L\u00e9gales Le dressing de Blondie est une EURL au N\u00b0SIRET 884 345 596 000 24 et au nom de Pauline Georges, domicili\u00e9es au 2 rue Camille Pissarro, 49000 Angers. Adresse mail :\u00a0hello.ledressingdeblondie@gmail.com H\u00e9bergement :OVH2 rue Kellermann,59100 Roubaix R\u00e9alisation du site : Maison Calendula Droits de reproduction : Les informations pr\u00e9sent\u00e9es sur ce site sont [&hellip;]<\/p>\n","protected":false},"author":1,"featured_media":0,"parent":0,"menu_order":0,"comment_status":"closed","ping_status":"closed","template":"elementor_header_footer","meta":{"site-sidebar-layout":"no-sidebar","site-content-layout":"page-builder","ast-site-content-layout":"default","site-content-style":"default","site-sidebar-style":"default","ast-global-header-display":"","ast-banner-title-visibility":"","ast-main-header-display":"","ast-hfb-above-header-display":"","ast-hfb-below-header-display":"","ast-hfb-mobile-header-display":"","site-post-title":"disabled","ast-breadcrumbs-content":"","ast-featured-img":"disabled","footer-sml-layout":"","ast-disable-related-posts":"","theme-transparent-header-meta":"default","adv-header-id-meta":"","stick-header-meta":"","header-above-stick-meta":"","header-main-stick-meta":"","header-below-stick-meta":"","astra-migrate-meta-layouts":"default","ast-page-background-enabled":"default","ast-page-background-meta":{"desktop":{"background-color":"","background-image":"","background-repeat":"repeat","background-position":"center center","background-size":"auto","background-attachment":"scroll","background-type":"","background-media":"","overlay-type":"","overlay-color":"","overlay-opacity":"","overlay-gradient":""},"tablet":{"background-color":"","background-image":"","background-repeat":"repeat","background-position":"center center","background-size":"auto","background-attachment":"scroll","background-type":"","background-media":"","overlay-type":"","overlay-color":"","overlay-opacity":"","overlay-gradient":""},"mobile":{"background-color":"","background-image":"","background-repeat":"repeat","background-position":"center center","background-size":"auto","background-attachment":"scroll","background-type":"","background-media":"","overlay-type":"","overlay-color":"","overlay-opacity":"","overlay-gradient":""}},"ast-content-background-meta":{"desktop":{"background-color":"var(--ast-global-color-5)","background-image":"","background-repeat":"repeat","background-position":"center center","background-size":"auto","background-attachment":"scroll","background-type":"","background-media":"","overlay-type":"","overlay-color":"","overlay-opacity":"","overlay-gradient":""},"tablet":{"background-color":"var(--ast-global-color-5)","background-image":"","background-repeat":"repeat","background-position":"center center","background-size":"auto","background-attachment":"scroll","background-type":"","background-media":"","overlay-type":"","overlay-color":"","overlay-opacity":"","overlay-gradient":""},"mobile":{"background-color":"var(--ast-global-color-5)","background-image":"","background-repeat":"repeat","background-position":"center center","background-size":"auto","background-attachment":"scroll","background-type":"","background-media":"","overlay-type":"","overlay-color":"","overlay-opacity":"","overlay-gradient":""}},"footnotes":""},"class_list":["post-30","page","type-page","status-publish","hentry"],"yoast_head":"<!-- This site is optimized with the Yoast SEO plugin v27.4 - https:\/\/yoast.com\/product\/yoast-seo-wordpress\/ -->\n<title>Mentions L\u00e9gales - Le Dressing de Blondie<\/title>\n<meta name=\"robots\" content=\"index, follow, max-snippet:-1, max-image-preview:large, max-video-preview:-1\" \/>\n<link rel=\"canonical\" href=\"https:\/\/ledressingdeblondie.fr\/index.php\/mentions-legales\/\" \/>\n<meta property=\"og:locale\" content=\"fr_FR\" \/>\n<meta property=\"og:type\" content=\"article\" \/>\n<meta property=\"og:title\" content=\"Mentions L\u00e9gales - Le Dressing de Blondie\" \/>\n<meta property=\"og:description\" content=\"Mentions L\u00e9gales Le dressing de Blondie est une EURL au N\u00b0SIRET 884 345 596 000 24 et au nom de Pauline Georges, domicili\u00e9es au 2 rue Camille Pissarro, 49000 Angers. Adresse mail :\u00a0hello.ledressingdeblondie@gmail.com H\u00e9bergement :OVH2 rue Kellermann,59100 Roubaix R\u00e9alisation du site : Maison Calendula Droits de reproduction : Les informations pr\u00e9sent\u00e9es sur ce site sont [&hellip;]\" \/>\n<meta property=\"og:url\" content=\"https:\/\/ledressingdeblondie.fr\/index.php\/mentions-legales\/\" \/>\n<meta property=\"og:site_name\" content=\"Le Dressing de Blondie\" \/>\n<meta property=\"article:modified_time\" content=\"2025-03-30T10:12:00+00:00\" \/>\n<meta name=\"twitter:card\" content=\"summary_large_image\" \/>\n<meta name=\"twitter:label1\" content=\"Dur\u00e9e de lecture estim\u00e9e\" \/>\n\t<meta name=\"twitter:data1\" content=\"1 minute\" \/>\n<script type=\"application\/ld+json\" class=\"yoast-schema-graph\">{\"@context\":\"https:\\\/\\\/schema.org\",\"@graph\":[{\"@type\":\"WebPage\",\"@id\":\"https:\\\/\\\/ledressingdeblondie.fr\\\/index.php\\\/mentions-legales\\\/\",\"url\":\"https:\\\/\\\/ledressingdeblondie.fr\\\/index.php\\\/mentions-legales\\\/\",\"name\":\"Mentions L\u00e9gales - Le Dressing de Blondie\",\"isPartOf\":{\"@id\":\"https:\\\/\\\/ledressingdeblondie.fr\\\/#website\"},\"datePublished\":\"2020-06-16T09:52:02+00:00\",\"dateModified\":\"2025-03-30T10:12:00+00:00\",\"breadcrumb\":{\"@id\":\"https:\\\/\\\/ledressingdeblondie.fr\\\/index.php\\\/mentions-legales\\\/#breadcrumb\"},\"inLanguage\":\"fr-FR\",\"potentialAction\":[{\"@type\":\"ReadAction\",\"target\":[\"https:\\\/\\\/ledressingdeblondie.fr\\\/index.php\\\/mentions-legales\\\/\"]}]},{\"@type\":\"BreadcrumbList\",\"@id\":\"https:\\\/\\\/ledressingdeblondie.fr\\\/index.php\\\/mentions-legales\\\/#breadcrumb\",\"itemListElement\":[{\"@type\":\"ListItem\",\"position\":1,\"name\":\"Accueil\",\"item\":\"https:\\\/\\\/ledressingdeblondie.fr\\\/\"},{\"@type\":\"ListItem\",\"position\":2,\"name\":\"Mentions L\u00e9gales\"}]},{\"@type\":\"WebSite\",\"@id\":\"https:\\\/\\\/ledressingdeblondie.fr\\\/#website\",\"url\":\"https:\\\/\\\/ledressingdeblondie.fr\\\/\",\"name\":\"Le Dressing de Blondie\",\"description\":\"\",\"publisher\":{\"@id\":\"https:\\\/\\\/ledressingdeblondie.fr\\\/#organization\"},\"potentialAction\":[{\"@type\":\"SearchAction\",\"target\":{\"@type\":\"EntryPoint\",\"urlTemplate\":\"https:\\\/\\\/ledressingdeblondie.fr\\\/?s={search_term_string}\"},\"query-input\":{\"@type\":\"PropertyValueSpecification\",\"valueRequired\":true,\"valueName\":\"search_term_string\"}}],\"inLanguage\":\"fr-FR\"},{\"@type\":\"Organization\",\"@id\":\"https:\\\/\\\/ledressingdeblondie.fr\\\/#organization\",\"name\":\"Le Dressing de Blondie\",\"url\":\"https:\\\/\\\/ledressingdeblondie.fr\\\/\",\"logo\":{\"@type\":\"ImageObject\",\"inLanguage\":\"fr-FR\",\"@id\":\"https:\\\/\\\/ledressingdeblondie.fr\\\/#\\\/schema\\\/logo\\\/image\\\/\",\"url\":\"https:\\\/\\\/ledressingdeblondie.fr\\\/wp-content\\\/uploads\\\/2022\\\/11\\\/LEDRESSINGDEBLONDIE_NOIR-3.png\",\"contentUrl\":\"https:\\\/\\\/ledressingdeblondie.fr\\\/wp-content\\\/uploads\\\/2022\\\/11\\\/LEDRESSINGDEBLONDIE_NOIR-3.png\",\"width\":1642,\"height\":1110,\"caption\":\"Le Dressing de Blondie\"},\"image\":{\"@id\":\"https:\\\/\\\/ledressingdeblondie.fr\\\/#\\\/schema\\\/logo\\\/image\\\/\"}}]}<\/script>\n<!-- \/ Yoast SEO plugin. -->","yoast_head_json":{"title":"Mentions L\u00e9gales - Le Dressing de Blondie","robots":{"index":"index","follow":"follow","max-snippet":"max-snippet:-1","max-image-preview":"max-image-preview:large","max-video-preview":"max-video-preview:-1"},"canonical":"https:\/\/ledressingdeblondie.fr\/index.php\/mentions-legales\/","og_locale":"fr_FR","og_type":"article","og_title":"Mentions L\u00e9gales - Le Dressing de Blondie","og_description":"Mentions L\u00e9gales Le dressing de Blondie est une EURL au N\u00b0SIRET 884 345 596 000 24 et au nom de Pauline Georges, domicili\u00e9es au 2 rue Camille Pissarro, 49000 Angers. Adresse mail :\u00a0hello.ledressingdeblondie@gmail.com H\u00e9bergement :OVH2 rue Kellermann,59100 Roubaix R\u00e9alisation du site : Maison Calendula Droits de reproduction : Les informations pr\u00e9sent\u00e9es sur ce site sont [&hellip;]","og_url":"https:\/\/ledressingdeblondie.fr\/index.php\/mentions-legales\/","og_site_name":"Le Dressing de Blondie","article_modified_time":"2025-03-30T10:12:00+00:00","twitter_card":"summary_large_image","twitter_misc":{"Dur\u00e9e de lecture estim\u00e9e":"1 minute"},"schema":{"@context":"https:\/\/schema.org","@graph":[{"@type":"WebPage","@id":"https:\/\/ledressingdeblondie.fr\/index.php\/mentions-legales\/","url":"https:\/\/ledressingdeblondie.fr\/index.php\/mentions-legales\/","name":"Mentions L\u00e9gales - Le Dressing de Blondie","isPartOf":{"@id":"https:\/\/ledressingdeblondie.fr\/#website"},"datePublished":"2020-06-16T09:52:02+00:00","dateModified":"2025-03-30T10:12:00+00:00","breadcrumb":{"@id":"https:\/\/ledressingdeblondie.fr\/index.php\/mentions-legales\/#breadcrumb"},"inLanguage":"fr-FR","potentialAction":[{"@type":"ReadAction","target":["https:\/\/ledressingdeblondie.fr\/index.php\/mentions-legales\/"]}]},{"@type":"BreadcrumbList","@id":"https:\/\/ledressingdeblondie.fr\/index.php\/mentions-legales\/#breadcrumb","itemListElement":[{"@type":"ListItem","position":1,"name":"Accueil","item":"https:\/\/ledressingdeblondie.fr\/"},{"@type":"ListItem","position":2,"name":"Mentions L\u00e9gales"}]},{"@type":"WebSite","@id":"https:\/\/ledressingdeblondie.fr\/#website","url":"https:\/\/ledressingdeblondie.fr\/","name":"Le Dressing de Blondie","description":"","publisher":{"@id":"https:\/\/ledressingdeblondie.fr\/#organization"},"potentialAction":[{"@type":"SearchAction","target":{"@type":"EntryPoint","urlTemplate":"https:\/\/ledressingdeblondie.fr\/?s={search_term_string}"},"query-input":{"@type":"PropertyValueSpecification","valueRequired":true,"valueName":"search_term_string"}}],"inLanguage":"fr-FR"},{"@type":"Organization","@id":"https:\/\/ledressingdeblondie.fr\/#organization","name":"Le Dressing de Blondie","url":"https:\/\/ledressingdeblondie.fr\/","logo":{"@type":"ImageObject","inLanguage":"fr-FR","@id":"https:\/\/ledressingdeblondie.fr\/#\/schema\/logo\/image\/","url":"https:\/\/ledressingdeblondie.fr\/wp-content\/uploads\/2022\/11\/LEDRESSINGDEBLONDIE_NOIR-3.png","contentUrl":"https:\/\/ledressingdeblondie.fr\/wp-content\/uploads\/2022\/11\/LEDRESSINGDEBLONDIE_NOIR-3.png","width":1642,"height":1110,"caption":"Le Dressing de Blondie"},"image":{"@id":"https:\/\/ledressingdeblondie.fr\/#\/schema\/logo\/image\/"}}]}},"_links":{"self":[{"href":"https:\/\/ledressingdeblondie.fr\/index.php\/wp-json\/wp\/v2\/pages\/30","targetHints":{"allow":["GET"]}}],"collection":[{"href":"https:\/\/ledressingdeblondie.fr\/index.php\/wp-json\/wp\/v2\/pages"}],"about":[{"href":"https:\/\/ledressingdeblondie.fr\/index.php\/wp-json\/wp\/v2\/types\/page"}],"author":[{"embeddable":true,"href":"https:\/\/ledressingdeblondie.fr\/index.php\/wp-json\/wp\/v2\/users\/1"}],"replies":[{"embeddable":true,"href":"https:\/\/ledressingdeblondie.fr\/index.php\/wp-json\/wp\/v2\/comments?post=30"}],"version-history":[{"count":0,"href":"https:\/\/ledressingdeblondie.fr\/index.php\/wp-json\/wp\/v2\/pages\/30\/revisions"}],"wp:attachment":[{"href":"https:\/\/ledressingdeblondie.fr\/index.php\/wp-json\/wp\/v2\/media?parent=30"}],"curies":[{"name":"wp","href":"https:\/\/api.w.org\/{rel}","templated":true}]}}